{"id":2492,"date":"2021-09-22T18:04:16","date_gmt":"2021-09-22T16:04:16","guid":{"rendered":"https:\/\/www.lameregermaine.com\/notre-histoire\/"},"modified":"2024-09-11T14:34:12","modified_gmt":"2024-09-11T12:34:12","slug":"unsere-geschichte","status":"publish","type":"page","link":"https:\/\/www.lameregermaine.com\/de\/unsere-geschichte\/","title":{"rendered":"Unsere Geschichte"},"content":{"rendered":"","protected":false},"excerpt":{"rendered":"","protected":false},"author":3,"featured_media":0,"parent":0,"menu_order":0,"comment_status":"closed","ping_status":"closed","template":"templates\/tmp-equipe.php","meta":{"_acf_changed":false,"om_disable_all_campaigns":false},"class_list":["post-2492","page","type-page","status-publish","hentry"],"acf":[],"aioseo_notices":[],"yoast_head":"<!-- This site is optimized with the Yoast SEO plugin v24.0 - https:\/\/yoast.com\/wordpress\/plugins\/seo\/ -->\n<title>Die Geschichte des Hotel-Restaurant La M\u00e8re Germaine in Ch\u00e2teauneuf-du-Pape.<\/title>\n<meta name=\"description\" content=\"Auf dem Weg in die Provence vereint die fast hundertj\u00e4hrige Institution La M\u00e8re Germaine Gastfreundschaft, Gastronomie und Weinwissen.\" \/>\n<meta name=\"robots\" content=\"index, follow, max-snippet:-1, max-image-preview:large, max-video-preview:-1\" \/>\n<link rel=\"canonical\" href=\"https:\/\/www.lameregermaine.com\/de\/unsere-geschichte\/\" \/>\n<meta property=\"og:locale\" content=\"de_DE\" \/>\n<meta property=\"og:type\" content=\"article\" \/>\n<meta property=\"og:title\" content=\"Die Geschichte des Hotel-Restaurant La M\u00e8re Germaine in Ch\u00e2teauneuf-du-Pape.\" \/>\n<meta property=\"og:description\" content=\"Auf dem Weg in die Provence vereint die fast hundertj\u00e4hrige Institution La M\u00e8re Germaine Gastfreundschaft, Gastronomie und Weinwissen.\" \/>\n<meta property=\"og:url\" content=\"https:\/\/www.lameregermaine.com\/de\/unsere-geschichte\/\" \/>\n<meta property=\"og:site_name\" content=\"H\u00f4tel restaurant La M\u00e8re Germaine\" \/>\n<meta property=\"article:modified_time\" content=\"2024-09-11T12:34:12+00:00\" \/>\n<meta name=\"twitter:card\" content=\"summary_large_image\" \/>\n<script type=\"application\/ld+json\" class=\"yoast-schema-graph\">{\"@context\":\"https:\/\/schema.org\",\"@graph\":[{\"@type\":\"WebPage\",\"@id\":\"https:\/\/www.lameregermaine.com\/de\/unsere-geschichte\/\",\"url\":\"https:\/\/www.lameregermaine.com\/de\/unsere-geschichte\/\",\"name\":\"Die Geschichte des Hotel-Restaurant La M\u00e8re Germaine in Ch\u00e2teauneuf-du-Pape.\",\"isPartOf\":{\"@id\":\"https:\/\/www.lameregermaine.com\/de\/#website\"},\"datePublished\":\"2021-09-22T16:04:16+00:00\",\"dateModified\":\"2024-09-11T12:34:12+00:00\",\"description\":\"Auf dem Weg in die Provence vereint die fast hundertj\u00e4hrige Institution La M\u00e8re Germaine Gastfreundschaft, Gastronomie und Weinwissen.\",\"breadcrumb\":{\"@id\":\"https:\/\/www.lameregermaine.com\/de\/unsere-geschichte\/#breadcrumb\"},\"inLanguage\":\"de-DE\",\"potentialAction\":[{\"@type\":\"ReadAction\",\"target\":[\"https:\/\/www.lameregermaine.com\/de\/unsere-geschichte\/\"]}]},{\"@type\":\"BreadcrumbList\",\"@id\":\"https:\/\/www.lameregermaine.com\/de\/unsere-geschichte\/#breadcrumb\",\"itemListElement\":[{\"@type\":\"ListItem\",\"position\":1,\"name\":\"Startseite\",\"item\":\"https:\/\/www.lameregermaine.com\/de\/\"},{\"@type\":\"ListItem\",\"position\":2,\"name\":\"Unsere Geschichte\"}]},{\"@type\":\"WebSite\",\"@id\":\"https:\/\/www.lameregermaine.com\/de\/#website\",\"url\":\"https:\/\/www.lameregermaine.com\/de\/\",\"name\":\"H\u00f4tel restaurant La M\u00e8re Germaine\",\"description\":\"H\u00f4tel restaurant La M\u00e8re Germaine \",\"publisher\":{\"@id\":\"https:\/\/www.lameregermaine.com\/de\/#organization\"},\"potentialAction\":[{\"@type\":\"SearchAction\",\"target\":{\"@type\":\"EntryPoint\",\"urlTemplate\":\"https:\/\/www.lameregermaine.com\/de\/?s={search_term_string}\"},\"query-input\":{\"@type\":\"PropertyValueSpecification\",\"valueRequired\":true,\"valueName\":\"search_term_string\"}}],\"inLanguage\":\"de-DE\"},{\"@type\":\"Organization\",\"@id\":\"https:\/\/www.lameregermaine.com\/de\/#organization\",\"name\":\"H\u00f4tel restaurant La M\u00e8re Germaine\",\"url\":\"https:\/\/www.lameregermaine.com\/de\/\",\"logo\":{\"@type\":\"ImageObject\",\"inLanguage\":\"de-DE\",\"@id\":\"https:\/\/www.lameregermaine.com\/de\/#\/schema\/logo\/image\/\",\"url\":\"https:\/\/www.lameregermaine.com\/wp-content\/uploads\/2022\/03\/logo-mere-germaine-1.png\",\"contentUrl\":\"https:\/\/www.lameregermaine.com\/wp-content\/uploads\/2022\/03\/logo-mere-germaine-1.png\",\"width\":800,\"height\":180,\"caption\":\"H\u00f4tel restaurant La M\u00e8re Germaine\"},\"image\":{\"@id\":\"https:\/\/www.lameregermaine.com\/de\/#\/schema\/logo\/image\/\"}}]}<\/script>\n<!-- \/ Yoast SEO plugin. -->","yoast_head_json":{"title":"Die Geschichte des Hotel-Restaurant La M\u00e8re Germaine in Ch\u00e2teauneuf-du-Pape.","description":"Auf dem Weg in die Provence vereint die fast hundertj\u00e4hrige Institution La M\u00e8re Germaine Gastfreundschaft, Gastronomie und Weinwissen.","robots":{"index":"index","follow":"follow","max-snippet":"max-snippet:-1","max-image-preview":"max-image-preview:large","max-video-preview":"max-video-preview:-1"},"canonical":"https:\/\/www.lameregermaine.com\/de\/unsere-geschichte\/","og_locale":"de_DE","og_type":"article","og_title":"Die Geschichte des Hotel-Restaurant La M\u00e8re Germaine in Ch\u00e2teauneuf-du-Pape.","og_description":"Auf dem Weg in die Provence vereint die fast hundertj\u00e4hrige Institution La M\u00e8re Germaine Gastfreundschaft, Gastronomie und Weinwissen.","og_url":"https:\/\/www.lameregermaine.com\/de\/unsere-geschichte\/","og_site_name":"H\u00f4tel restaurant La M\u00e8re Germaine","article_modified_time":"2024-09-11T12:34:12+00:00","twitter_card":"summary_large_image","schema":{"@context":"https:\/\/schema.org","@graph":[{"@type":"WebPage","@id":"https:\/\/www.lameregermaine.com\/de\/unsere-geschichte\/","url":"https:\/\/www.lameregermaine.com\/de\/unsere-geschichte\/","name":"Die Geschichte des Hotel-Restaurant La M\u00e8re Germaine in Ch\u00e2teauneuf-du-Pape.","isPartOf":{"@id":"https:\/\/www.lameregermaine.com\/de\/#website"},"datePublished":"2021-09-22T16:04:16+00:00","dateModified":"2024-09-11T12:34:12+00:00","description":"Auf dem Weg in die Provence vereint die fast hundertj\u00e4hrige Institution La M\u00e8re Germaine Gastfreundschaft, Gastronomie und Weinwissen.","breadcrumb":{"@id":"https:\/\/www.lameregermaine.com\/de\/unsere-geschichte\/#breadcrumb"},"inLanguage":"de-DE","potentialAction":[{"@type":"ReadAction","target":["https:\/\/www.lameregermaine.com\/de\/unsere-geschichte\/"]}]},{"@type":"BreadcrumbList","@id":"https:\/\/www.lameregermaine.com\/de\/unsere-geschichte\/#breadcrumb","itemListElement":[{"@type":"ListItem","position":1,"name":"Startseite","item":"https:\/\/www.lameregermaine.com\/de\/"},{"@type":"ListItem","position":2,"name":"Unsere Geschichte"}]},{"@type":"WebSite","@id":"https:\/\/www.lameregermaine.com\/de\/#website","url":"https:\/\/www.lameregermaine.com\/de\/","name":"H\u00f4tel restaurant La M\u00e8re Germaine","description":"H\u00f4tel restaurant La M\u00e8re Germaine ","publisher":{"@id":"https:\/\/www.lameregermaine.com\/de\/#organization"},"potentialAction":[{"@type":"SearchAction","target":{"@type":"EntryPoint","urlTemplate":"https:\/\/www.lameregermaine.com\/de\/?s={search_term_string}"},"query-input":{"@type":"PropertyValueSpecification","valueRequired":true,"valueName":"search_term_string"}}],"inLanguage":"de-DE"},{"@type":"Organization","@id":"https:\/\/www.lameregermaine.com\/de\/#organization","name":"H\u00f4tel restaurant La M\u00e8re Germaine","url":"https:\/\/www.lameregermaine.com\/de\/","logo":{"@type":"ImageObject","inLanguage":"de-DE","@id":"https:\/\/www.lameregermaine.com\/de\/#\/schema\/logo\/image\/","url":"https:\/\/www.lameregermaine.com\/wp-content\/uploads\/2022\/03\/logo-mere-germaine-1.png","contentUrl":"https:\/\/www.lameregermaine.com\/wp-content\/uploads\/2022\/03\/logo-mere-germaine-1.png","width":800,"height":180,"caption":"H\u00f4tel restaurant La M\u00e8re Germaine"},"image":{"@id":"https:\/\/www.lameregermaine.com\/de\/#\/schema\/logo\/image\/"}}]}},"_links":{"self":[{"href":"https:\/\/www.lameregermaine.com\/de\/wp-json\/wp\/v2\/pages\/2492"}],"collection":[{"href":"https:\/\/www.lameregermaine.com\/de\/wp-json\/wp\/v2\/pages"}],"about":[{"href":"https:\/\/www.lameregermaine.com\/de\/wp-json\/wp\/v2\/types\/page"}],"author":[{"embeddable":true,"href":"https:\/\/www.lameregermaine.com\/de\/wp-json\/wp\/v2\/users\/3"}],"replies":[{"embeddable":true,"href":"https:\/\/www.lameregermaine.com\/de\/wp-json\/wp\/v2\/comments?post=2492"}],"version-history":[{"count":0,"href":"https:\/\/www.lameregermaine.com\/de\/wp-json\/wp\/v2\/pages\/2492\/revisions"}],"wp:attachment":[{"href":"https:\/\/www.lameregermaine.com\/de\/wp-json\/wp\/v2\/media?parent=2492"}],"curies":[{"name":"wp","href":"https:\/\/api.w.org\/{rel}","templated":true}]}}