{"id":2440,"date":"2021-09-21T18:00:53","date_gmt":"2021-09-21T16:00:53","guid":{"rendered":"https:\/\/www.lameregermaine.com\/restaurant-gastronomique\/"},"modified":"2026-03-25T10:53:04","modified_gmt":"2026-03-25T09:53:04","slug":"gastronomic-restaurant","status":"publish","type":"page","link":"https:\/\/www.lameregermaine.com\/en\/gastronomic-restaurant\/","title":{"rendered":"Gastronomic restaurant"},"content":{"rendered":"","protected":false},"excerpt":{"rendered":"","protected":false},"author":3,"featured_media":0,"parent":0,"menu_order":0,"comment_status":"closed","ping_status":"closed","template":"templates\/tmp-restaurant.php","meta":{"_acf_changed":false,"om_disable_all_campaigns":false},"class_list":["post-2440","page","type-page","status-publish","hentry"],"acf":[],"aioseo_notices":[],"yoast_head":"<!-- This site is optimized with the Yoast SEO plugin v24.0 - https:\/\/yoast.com\/wordpress\/plugins\/seo\/ -->\n<title>La M\u00e8re Germaine gourmet restaurant offers contemporary cuisine<\/title>\n<meta name=\"description\" content=\"Experience signature cuisine in Ch\u00e2teauneuf-du-Pape. A prestigious restaurant recommended by the 2026 Michelin Guide, orchestrated by Chef Julien Thomasson.\" \/>\n<meta name=\"robots\" content=\"index, follow, max-snippet:-1, max-image-preview:large, max-video-preview:-1\" \/>\n<link rel=\"canonical\" href=\"https:\/\/www.lameregermaine.com\/en\/gastronomic-restaurant\/\" \/>\n<meta property=\"og:locale\" content=\"en_US\" \/>\n<meta property=\"og:type\" content=\"article\" \/>\n<meta property=\"og:title\" content=\"La M\u00e8re Germaine gourmet restaurant offers contemporary cuisine\" \/>\n<meta property=\"og:description\" content=\"Experience signature cuisine in Ch\u00e2teauneuf-du-Pape. A prestigious restaurant recommended by the 2026 Michelin Guide, orchestrated by Chef Julien Thomasson.\" \/>\n<meta property=\"og:url\" content=\"https:\/\/www.lameregermaine.com\/en\/gastronomic-restaurant\/\" \/>\n<meta property=\"og:site_name\" content=\"H\u00f4tel restaurant La M\u00e8re Germaine\" \/>\n<meta property=\"article:modified_time\" content=\"2026-03-25T09:53:04+00:00\" \/>\n<meta name=\"twitter:card\" content=\"summary_large_image\" \/>\n<script type=\"application\/ld+json\" class=\"yoast-schema-graph\">{\"@context\":\"https:\/\/schema.org\",\"@graph\":[{\"@type\":\"WebPage\",\"@id\":\"https:\/\/www.lameregermaine.com\/en\/gastronomic-restaurant\/\",\"url\":\"https:\/\/www.lameregermaine.com\/en\/gastronomic-restaurant\/\",\"name\":\"La M\u00e8re Germaine gourmet restaurant offers contemporary cuisine\",\"isPartOf\":{\"@id\":\"https:\/\/www.lameregermaine.com\/en\/#website\"},\"datePublished\":\"2021-09-21T16:00:53+00:00\",\"dateModified\":\"2026-03-25T09:53:04+00:00\",\"description\":\"Experience signature cuisine in Ch\u00e2teauneuf-du-Pape. A prestigious restaurant recommended by the 2026 Michelin Guide, orchestrated by Chef Julien Thomasson.\",\"breadcrumb\":{\"@id\":\"https:\/\/www.lameregermaine.com\/en\/gastronomic-restaurant\/#breadcrumb\"},\"inLanguage\":\"en-US\",\"potentialAction\":[{\"@type\":\"ReadAction\",\"target\":[\"https:\/\/www.lameregermaine.com\/en\/gastronomic-restaurant\/\"]}]},{\"@type\":\"BreadcrumbList\",\"@id\":\"https:\/\/www.lameregermaine.com\/en\/gastronomic-restaurant\/#breadcrumb\",\"itemListElement\":[{\"@type\":\"ListItem\",\"position\":1,\"name\":\"Home\",\"item\":\"https:\/\/www.lameregermaine.com\/en\/\"},{\"@type\":\"ListItem\",\"position\":2,\"name\":\"Gastronomic restaurant\"}]},{\"@type\":\"WebSite\",\"@id\":\"https:\/\/www.lameregermaine.com\/en\/#website\",\"url\":\"https:\/\/www.lameregermaine.com\/en\/\",\"name\":\"H\u00f4tel restaurant La M\u00e8re Germaine\",\"description\":\"H\u00f4tel restaurant La M\u00e8re Germaine \",\"publisher\":{\"@id\":\"https:\/\/www.lameregermaine.com\/en\/#organization\"},\"potentialAction\":[{\"@type\":\"SearchAction\",\"target\":{\"@type\":\"EntryPoint\",\"urlTemplate\":\"https:\/\/www.lameregermaine.com\/en\/?s={search_term_string}\"},\"query-input\":{\"@type\":\"PropertyValueSpecification\",\"valueRequired\":true,\"valueName\":\"search_term_string\"}}],\"inLanguage\":\"en-US\"},{\"@type\":\"Organization\",\"@id\":\"https:\/\/www.lameregermaine.com\/en\/#organization\",\"name\":\"H\u00f4tel restaurant La M\u00e8re Germaine\",\"url\":\"https:\/\/www.lameregermaine.com\/en\/\",\"logo\":{\"@type\":\"ImageObject\",\"inLanguage\":\"en-US\",\"@id\":\"https:\/\/www.lameregermaine.com\/en\/#\/schema\/logo\/image\/\",\"url\":\"https:\/\/www.lameregermaine.com\/wp-content\/uploads\/2022\/03\/logo-mere-germaine-1.png\",\"contentUrl\":\"https:\/\/www.lameregermaine.com\/wp-content\/uploads\/2022\/03\/logo-mere-germaine-1.png\",\"width\":800,\"height\":180,\"caption\":\"H\u00f4tel restaurant La M\u00e8re Germaine\"},\"image\":{\"@id\":\"https:\/\/www.lameregermaine.com\/en\/#\/schema\/logo\/image\/\"}}]}<\/script>\n<!-- \/ Yoast SEO plugin. -->","yoast_head_json":{"title":"La M\u00e8re Germaine gourmet restaurant offers contemporary cuisine","description":"Experience signature cuisine in Ch\u00e2teauneuf-du-Pape. A prestigious restaurant recommended by the 2026 Michelin Guide, orchestrated by Chef Julien Thomasson.","robots":{"index":"index","follow":"follow","max-snippet":"max-snippet:-1","max-image-preview":"max-image-preview:large","max-video-preview":"max-video-preview:-1"},"canonical":"https:\/\/www.lameregermaine.com\/en\/gastronomic-restaurant\/","og_locale":"en_US","og_type":"article","og_title":"La M\u00e8re Germaine gourmet restaurant offers contemporary cuisine","og_description":"Experience signature cuisine in Ch\u00e2teauneuf-du-Pape. A prestigious restaurant recommended by the 2026 Michelin Guide, orchestrated by Chef Julien Thomasson.","og_url":"https:\/\/www.lameregermaine.com\/en\/gastronomic-restaurant\/","og_site_name":"H\u00f4tel restaurant La M\u00e8re Germaine","article_modified_time":"2026-03-25T09:53:04+00:00","twitter_card":"summary_large_image","schema":{"@context":"https:\/\/schema.org","@graph":[{"@type":"WebPage","@id":"https:\/\/www.lameregermaine.com\/en\/gastronomic-restaurant\/","url":"https:\/\/www.lameregermaine.com\/en\/gastronomic-restaurant\/","name":"La M\u00e8re Germaine gourmet restaurant offers contemporary cuisine","isPartOf":{"@id":"https:\/\/www.lameregermaine.com\/en\/#website"},"datePublished":"2021-09-21T16:00:53+00:00","dateModified":"2026-03-25T09:53:04+00:00","description":"Experience signature cuisine in Ch\u00e2teauneuf-du-Pape. A prestigious restaurant recommended by the 2026 Michelin Guide, orchestrated by Chef Julien Thomasson.","breadcrumb":{"@id":"https:\/\/www.lameregermaine.com\/en\/gastronomic-restaurant\/#breadcrumb"},"inLanguage":"en-US","potentialAction":[{"@type":"ReadAction","target":["https:\/\/www.lameregermaine.com\/en\/gastronomic-restaurant\/"]}]},{"@type":"BreadcrumbList","@id":"https:\/\/www.lameregermaine.com\/en\/gastronomic-restaurant\/#breadcrumb","itemListElement":[{"@type":"ListItem","position":1,"name":"Home","item":"https:\/\/www.lameregermaine.com\/en\/"},{"@type":"ListItem","position":2,"name":"Gastronomic restaurant"}]},{"@type":"WebSite","@id":"https:\/\/www.lameregermaine.com\/en\/#website","url":"https:\/\/www.lameregermaine.com\/en\/","name":"H\u00f4tel restaurant La M\u00e8re Germaine","description":"H\u00f4tel restaurant La M\u00e8re Germaine ","publisher":{"@id":"https:\/\/www.lameregermaine.com\/en\/#organization"},"potentialAction":[{"@type":"SearchAction","target":{"@type":"EntryPoint","urlTemplate":"https:\/\/www.lameregermaine.com\/en\/?s={search_term_string}"},"query-input":{"@type":"PropertyValueSpecification","valueRequired":true,"valueName":"search_term_string"}}],"inLanguage":"en-US"},{"@type":"Organization","@id":"https:\/\/www.lameregermaine.com\/en\/#organization","name":"H\u00f4tel restaurant La M\u00e8re Germaine","url":"https:\/\/www.lameregermaine.com\/en\/","logo":{"@type":"ImageObject","inLanguage":"en-US","@id":"https:\/\/www.lameregermaine.com\/en\/#\/schema\/logo\/image\/","url":"https:\/\/www.lameregermaine.com\/wp-content\/uploads\/2022\/03\/logo-mere-germaine-1.png","contentUrl":"https:\/\/www.lameregermaine.com\/wp-content\/uploads\/2022\/03\/logo-mere-germaine-1.png","width":800,"height":180,"caption":"H\u00f4tel restaurant La M\u00e8re Germaine"},"image":{"@id":"https:\/\/www.lameregermaine.com\/en\/#\/schema\/logo\/image\/"}}]}},"_links":{"self":[{"href":"https:\/\/www.lameregermaine.com\/en\/wp-json\/wp\/v2\/pages\/2440"}],"collection":[{"href":"https:\/\/www.lameregermaine.com\/en\/wp-json\/wp\/v2\/pages"}],"about":[{"href":"https:\/\/www.lameregermaine.com\/en\/wp-json\/wp\/v2\/types\/page"}],"author":[{"embeddable":true,"href":"https:\/\/www.lameregermaine.com\/en\/wp-json\/wp\/v2\/users\/3"}],"replies":[{"embeddable":true,"href":"https:\/\/www.lameregermaine.com\/en\/wp-json\/wp\/v2\/comments?post=2440"}],"version-history":[{"count":0,"href":"https:\/\/www.lameregermaine.com\/en\/wp-json\/wp\/v2\/pages\/2440\/revisions"}],"wp:attachment":[{"href":"https:\/\/www.lameregermaine.com\/en\/wp-json\/wp\/v2\/media?parent=2440"}],"curies":[{"name":"wp","href":"https:\/\/api.w.org\/{rel}","templated":true}]}}